{"id":769,"date":"2019-04-05T18:03:58","date_gmt":"2019-04-05T16:03:58","guid":{"rendered":"http:\/\/www.sportarten.rwth-aachen.de\/SkiAG\/wp_neu\/?page_id=769"},"modified":"2024-06-09T11:59:06","modified_gmt":"2024-06-09T09:59:06","slug":"snowsport-ausbildung","status":"publish","type":"page","link":"https:\/\/snowsport.rwth-aachen.de\/?page_id=769","title":{"rendered":"Ausbildung in Arosa"},"content":{"rendered":"\n<div class=\"wp-block-columns is-layout-flex wp-container-core-columns-layout-1 wp-block-columns-is-layout-flex\">\n<div class=\"wp-block-column is-layout-flow wp-block-column-is-layout-flow\" style=\"flex-basis:66.66%\">\n<figure class=\"wp-block-image size-large is-resized\"><img loading=\"lazy\" decoding=\"async\" width=\"1597\" height=\"898\" src=\"https:\/\/snowsport.rwth-aachen.de\/wp-content\/uploads\/2024\/06\/IMG_8888-edited.jpeg\" alt=\"\" class=\"wp-image-1540\" style=\"width:727px;height:auto\" srcset=\"https:\/\/snowsport.rwth-aachen.de\/wp-content\/uploads\/2024\/06\/IMG_8888-edited.jpeg 1597w, https:\/\/snowsport.rwth-aachen.de\/wp-content\/uploads\/2024\/06\/IMG_8888-edited-300x169.jpeg 300w, https:\/\/snowsport.rwth-aachen.de\/wp-content\/uploads\/2024\/06\/IMG_8888-edited-1024x576.jpeg 1024w, https:\/\/snowsport.rwth-aachen.de\/wp-content\/uploads\/2024\/06\/IMG_8888-edited-768x432.jpeg 768w, https:\/\/snowsport.rwth-aachen.de\/wp-content\/uploads\/2024\/06\/IMG_8888-edited-1536x864.jpeg 1536w, https:\/\/snowsport.rwth-aachen.de\/wp-content\/uploads\/2024\/06\/IMG_8888-edited-600x337.jpeg 600w\" sizes=\"(max-width: 1597px) 100vw, 1597px\" \/><figcaption class=\"wp-element-caption\">Die neuen \u00dcbungsleitenden w\u00e4hrend der Ausbildung 2024 in Arosa.<\/figcaption><\/figure>\n\n\n\n<p><\/p>\n<\/div>\n\n\n\n<div class=\"wp-block-column is-layout-flow wp-block-column-is-layout-flow\" style=\"flex-basis:33.33%\">\n<figure class=\"wp-block-table\"><table><tbody><tr><td><strong>Ort<\/strong><\/td><td>Arosa, Schweiz<\/td><\/tr><tr><td><strong>Termin<\/strong><\/td><td>Anfang Januar<\/td><\/tr><tr><td><strong>Lage der H\u00fctte<\/strong><\/td><td>Ca. 500 m vom Einstiegslift entfernt<\/td><\/tr><tr><td><strong>Skitage<\/strong><\/td><td>10<\/td><\/tr><\/tbody><\/table><\/figure>\n\n\n\n<p>Jedes Jahr im Januar findet unsere Ausbildung f\u00fcr \u00dcbungsleitende (Ski und Snowboard) f\u00fcr den Hochschulsport in Arosa statt. Tags\u00fcber wird an der eigenen Technik gefeilt, es werden neue Tricks ge\u00fcbt und gelernt, wie das eigene Wissen am Besten weitergegeben werden kann. Abends gibt es dann noch einigen theoretischen Input (von dem perfekten Carvingschwung bis zur Gefahr von Lawinen) und nachts wird auch mal das ein oder andere Bierchen verk\u00f6stigt.<\/p>\n\n\n\n<p><\/p>\n<\/div>\n<\/div>\n\n\n\n<p>Weitere Informationen zur Ausbildung findet ihr auf der Seite vom <a href=\"https:\/\/hochschulsport.rwth-aachen.de\/go\/id\/kwfj\" data-type=\"link\" data-id=\"https:\/\/hochschulsport.rwth-aachen.de\/go\/id\/kwfj\">Aachener Hochschulsport<\/a>. Kommt aber gerne mal pers\u00f6nlich auf unserem monatlichen SnowsportTeam-Treff (<a href=\"https:\/\/snowsport.rwth-aachen.de\/?page_id=854\" data-type=\"page\" data-id=\"854\">SNOWSport Team \u2013 Treff<\/a>) vorbei und fragt uns nach allen Details!<\/p>\n\n\n\n<p>Unter gewissen Voraussetzungen k\u00f6nnt ihr euch die Ausbildung auch als Grundstufe vom Westdeutschen Skiverband e.V. anrechnen lassen &#8211; mehr Informationen dazu findet ihr zum Beispiel unter <a href=\"https:\/\/snowsport.rwth-aachen.de\/?page_id=797\" data-type=\"page\" data-id=\"797\">Anerkennung der Ausbildung beim WSV<\/a>.<\/p>\n","protected":false},"excerpt":{"rendered":"<p>Ort Arosa, Schweiz Termin Anfang Januar Lage der H\u00fctte Ca. 500 m vom Einstiegslift entfernt Skitage 10 Jedes Jahr im Januar findet unsere Ausbildung f\u00fcr \u00dcbungsleitende (Ski und Snowboard) f\u00fcr den Hochschulsport in Arosa statt. Tags\u00fcber wird an der eigenen<\/p>\n","protected":false},"author":1,"featured_media":0,"parent":0,"menu_order":0,"comment_status":"closed","ping_status":"closed","template":"","meta":{"footnotes":""},"_links":{"self":[{"href":"https:\/\/snowsport.rwth-aachen.de\/index.php?rest_route=\/wp\/v2\/pages\/769"}],"collection":[{"href":"https:\/\/snowsport.rwth-aachen.de\/index.php?rest_route=\/wp\/v2\/pages"}],"about":[{"href":"https:\/\/snowsport.rwth-aachen.de\/index.php?rest_route=\/wp\/v2\/types\/page"}],"author":[{"embeddable":true,"href":"https:\/\/snowsport.rwth-aachen.de\/index.php?rest_route=\/wp\/v2\/users\/1"}],"replies":[{"embeddable":true,"href":"https:\/\/snowsport.rwth-aachen.de\/index.php?rest_route=%2Fwp%2Fv2%2Fcomments&post=769"}],"version-history":[{"count":13,"href":"https:\/\/snowsport.rwth-aachen.de\/index.php?rest_route=\/wp\/v2\/pages\/769\/revisions"}],"predecessor-version":[{"id":1555,"href":"https:\/\/snowsport.rwth-aachen.de\/index.php?rest_route=\/wp\/v2\/pages\/769\/revisions\/1555"}],"wp:attachment":[{"href":"https:\/\/snowsport.rwth-aachen.de\/index.php?rest_route=%2Fwp%2Fv2%2Fmedia&parent=769"}],"curies":[{"name":"wp","href":"https:\/\/api.w.org\/{rel}","templated":true}]}}