{"id":757,"date":"2019-04-05T17:58:31","date_gmt":"2019-04-05T15:58:31","guid":{"rendered":"http:\/\/www.sportarten.rwth-aachen.de\/SkiAG\/wp_neu\/?page_id=757"},"modified":"2024-06-09T14:25:37","modified_gmt":"2024-06-09T12:25:37","slug":"757-2","status":"publish","type":"page","link":"https:\/\/snowsport.rwth-aachen.de\/?page_id=757","title":{"rendered":"SNOWSport Fortbildung"},"content":{"rendered":"\n<div class=\"wp-block-columns is-layout-flex wp-container-core-columns-layout-1 wp-block-columns-is-layout-flex\">\n<div class=\"wp-block-column is-layout-flow wp-block-column-is-layout-flow\" style=\"flex-basis:66.66%\">\n<p>Die j\u00e4hrliche Fortbildung des SNOWSport Teams findet im Dezember statt. Diese Fahrt ist nur f\u00fcr SNOWSport Teamer*innen und sehr gute Ski-\/Snowboardfahrer*innen gedacht. Die Fahrt k\u00f6nnt ihr mit einem Passwort \u00fcber die Hochschulsporthomepage buchen. Bitte nehmt dazu mit uns Kontakt auf!<\/p>\n\n\n\n<p>Es gibt viele Gr\u00fcnde an der Fortbildung teilzunehmen: Wir bieten Euch die M\u00f6glichkeit, ein paar Tage dem Vorweihnachtsstress zu entfliehen, in den Bergen frische Luft und Kraft zu tanken und mit guten Ski- und Snowboardfahrer*innen die Saison im idyllischen Engadin einzuleiten.<\/p>\n\n\n\n<p>Auch wenn der Begriff \u201eFortbildung\u201c es nicht ganz korrekt wiedergibt, so ist diese Fahrt gerade f\u00fcr neue Mitglieder des SNOWSport Teams ein Muss! Hier gibt es nicht nur beste Gelegenheiten, die anderen Mitglieder des Teams kennen zu lernen, Ihr k\u00f6nnt Euer K\u00f6nnen auf Eurem Sportger\u00e4t rasant verbessern. Ihr lernt unter Anleitung erfahrener \u00dcbungsleiter aus den Landeslehrverb\u00e4nden und der Sporthochschule K\u00f6ln Euren Sport aus der Lehrerperspektive zu betrachten. An einem Schnuppertag gibt es zudem Gelegenheit, unter fachkundiger Anleitung in eine andere Wintersportart einzutauchen. Und es gibt sogar die M\u00f6glichkeit Telemark zu fahren!<\/p>\n\n\n\n<p>Die Basics und fortgeschrittenen Aufgabenstellungen des Teamerdaseins auf und vor allem neben der Piste werden in Workshops erarbeitet, so dass Euch in kurzer Zeit das Handwerkszeug zur Leitung einer eigenen Fahrt bereit steht. Bei gruppendynamischen Themen geht es schnell \u00fcber die graue Theorie hinaus: Ihr k\u00f6nnt aktiv mitwirken an dieser Beispiel-Fahrt, die m\u00f6glichst viele Aspekte einer studentischen Wintersportreise enth\u00e4lt.<\/p>\n\n\n\n<p>Wer sich nicht sicher ist, ob sich die Ausbildung zum Ski- oder Snowboard-Teamer wirklich lohnen wird, kann auf dieser Fahrt ein erstes Gef\u00fchl daf\u00fcr bekommen, womit man es zu tun hat und sich dazu ein fundiertes Feedback einholen, ob das eigene K\u00f6nnen f\u00fcr das erfolgreiche Bestehen des Ausbildungskurses schon ausreicht. Na? \u00dcberzeugt? Mach Dir ein eigenes Bild vom SNOWSport Team und melde Dich an; abseits von all den lehrreichen Erfahrungen macht es n\u00e4mlich vor allem Spa\u00df mit uns im Schnee zu sein!<\/p>\n<\/div>\n\n\n\n<div class=\"wp-block-column is-layout-flow wp-block-column-is-layout-flow\" style=\"flex-basis:33.33%\">\n<figure class=\"wp-block-table\"><table><tbody><tr><td><strong>Ort<\/strong><\/td><td>St. Moritz, Schweiz<\/td><\/tr><tr><td><strong>Termin<\/strong><\/td><td>Kurz vor Weihnachten<\/td><\/tr><tr><td><strong>Teilnehmeranzahl<\/strong><\/td><td>70<\/td><\/tr><tr><td><strong>Skitage<\/strong><\/td><td>5<\/td><\/tr><\/tbody><\/table><\/figure>\n\n\n\n<figure class=\"wp-block-image size-large is-resized\"><img loading=\"lazy\" decoding=\"async\" width=\"858\" height=\"1024\" src=\"https:\/\/snowsport.rwth-aachen.de\/wp-content\/uploads\/2024\/06\/IMG_0699-2-858x1024.jpeg\" alt=\"\" class=\"wp-image-1527\" style=\"width:364px;height:auto\" srcset=\"https:\/\/snowsport.rwth-aachen.de\/wp-content\/uploads\/2024\/06\/IMG_0699-2-858x1024.jpeg 858w, https:\/\/snowsport.rwth-aachen.de\/wp-content\/uploads\/2024\/06\/IMG_0699-2-251x300.jpeg 251w, https:\/\/snowsport.rwth-aachen.de\/wp-content\/uploads\/2024\/06\/IMG_0699-2-768x916.jpeg 768w, https:\/\/snowsport.rwth-aachen.de\/wp-content\/uploads\/2024\/06\/IMG_0699-2-600x716.jpeg 600w, https:\/\/snowsport.rwth-aachen.de\/wp-content\/uploads\/2024\/06\/IMG_0699-2.jpeg 1170w\" sizes=\"(max-width: 858px) 100vw, 858px\" \/><figcaption class=\"wp-element-caption\">Skiausbilder David im Riesenslalom.<\/figcaption><\/figure>\n<\/div>\n<\/div>\n\n\n\n<hr class=\"wp-block-separator has-alpha-channel-opacity is-style-wide\"\/>\n\n\n\n<div class=\"wp-block-columns is-layout-flex wp-container-core-columns-layout-5 wp-block-columns-is-layout-flex\">\n<div class=\"wp-block-column is-layout-flow wp-block-column-is-layout-flow\" style=\"flex-basis:100%\">\n<div class=\"wp-block-group is-layout-constrained wp-block-group-is-layout-constrained\"><div class=\"wp-block-group__inner-container\">\n<div class=\"wp-block-columns is-layout-flex wp-container-core-columns-layout-4 wp-block-columns-is-layout-flex\">\n<div class=\"wp-block-column is-layout-flow wp-block-column-is-layout-flow\" style=\"flex-basis:100%\">\n<div class=\"wp-block-columns is-layout-flex wp-container-core-columns-layout-3 wp-block-columns-is-layout-flex\">\n<div class=\"wp-block-column is-layout-flow wp-block-column-is-layout-flow\" style=\"flex-basis:100%\">\n<div class=\"wp-block-columns is-layout-flex wp-container-core-columns-layout-2 wp-block-columns-is-layout-flex\">\n<div class=\"wp-block-column is-layout-flow wp-block-column-is-layout-flow\">\n<figure class=\"wp-block-image size-full\"><img loading=\"lazy\" decoding=\"async\" width=\"1024\" height=\"768\" src=\"https:\/\/snowsport.rwth-aachen.de\/wp-content\/uploads\/2024\/06\/IMG-20231220-WA0001.jpg\" alt=\"\" class=\"wp-image-1564\" srcset=\"https:\/\/snowsport.rwth-aachen.de\/wp-content\/uploads\/2024\/06\/IMG-20231220-WA0001.jpg 1024w, https:\/\/snowsport.rwth-aachen.de\/wp-content\/uploads\/2024\/06\/IMG-20231220-WA0001-300x225.jpg 300w, https:\/\/snowsport.rwth-aachen.de\/wp-content\/uploads\/2024\/06\/IMG-20231220-WA0001-768x576.jpg 768w, https:\/\/snowsport.rwth-aachen.de\/wp-content\/uploads\/2024\/06\/IMG-20231220-WA0001-600x450.jpg 600w\" sizes=\"(max-width: 1024px) 100vw, 1024px\" \/><\/figure>\n<\/div>\n\n\n\n<div class=\"wp-block-column is-layout-flow wp-block-column-is-layout-flow\">\n<figure class=\"wp-block-image size-large\"><img loading=\"lazy\" decoding=\"async\" width=\"1024\" height=\"768\" src=\"https:\/\/snowsport.rwth-aachen.de\/wp-content\/uploads\/2024\/06\/IMG_1073-1024x768.jpg\" alt=\"\" class=\"wp-image-1565\" srcset=\"https:\/\/snowsport.rwth-aachen.de\/wp-content\/uploads\/2024\/06\/IMG_1073-1024x768.jpg 1024w, https:\/\/snowsport.rwth-aachen.de\/wp-content\/uploads\/2024\/06\/IMG_1073-300x225.jpg 300w, https:\/\/snowsport.rwth-aachen.de\/wp-content\/uploads\/2024\/06\/IMG_1073-768x576.jpg 768w, https:\/\/snowsport.rwth-aachen.de\/wp-content\/uploads\/2024\/06\/IMG_1073-1536x1152.jpg 1536w, https:\/\/snowsport.rwth-aachen.de\/wp-content\/uploads\/2024\/06\/IMG_1073-2048x1536.jpg 2048w, https:\/\/snowsport.rwth-aachen.de\/wp-content\/uploads\/2024\/06\/IMG_1073-600x450.jpg 600w\" sizes=\"(max-width: 1024px) 100vw, 1024px\" \/><\/figure>\n<\/div>\n<\/div>\n<\/div>\n<\/div>\n<\/div>\n<\/div>\n<\/div><\/div>\n<\/div>\n<\/div>\n","protected":false},"excerpt":{"rendered":"<p>Die j\u00e4hrliche Fortbildung des SNOWSport Teams findet im Dezember statt. Diese Fahrt ist nur f\u00fcr SNOWSport Teamer*innen und sehr gute Ski-\/Snowboardfahrer*innen gedacht. Die Fahrt k\u00f6nnt ihr mit einem Passwort \u00fcber die Hochschulsporthomepage buchen. Bitte nehmt dazu mit uns Kontakt auf!<\/p>\n","protected":false},"author":1,"featured_media":0,"parent":0,"menu_order":0,"comment_status":"closed","ping_status":"closed","template":"","meta":{"footnotes":""},"_links":{"self":[{"href":"https:\/\/snowsport.rwth-aachen.de\/index.php?rest_route=\/wp\/v2\/pages\/757"}],"collection":[{"href":"https:\/\/snowsport.rwth-aachen.de\/index.php?rest_route=\/wp\/v2\/pages"}],"about":[{"href":"https:\/\/snowsport.rwth-aachen.de\/index.php?rest_route=\/wp\/v2\/types\/page"}],"author":[{"embeddable":true,"href":"https:\/\/snowsport.rwth-aachen.de\/index.php?rest_route=\/wp\/v2\/users\/1"}],"replies":[{"embeddable":true,"href":"https:\/\/snowsport.rwth-aachen.de\/index.php?rest_route=%2Fwp%2Fv2%2Fcomments&post=757"}],"version-history":[{"count":24,"href":"https:\/\/snowsport.rwth-aachen.de\/index.php?rest_route=\/wp\/v2\/pages\/757\/revisions"}],"predecessor-version":[{"id":1614,"href":"https:\/\/snowsport.rwth-aachen.de\/index.php?rest_route=\/wp\/v2\/pages\/757\/revisions\/1614"}],"wp:attachment":[{"href":"https:\/\/snowsport.rwth-aachen.de\/index.php?rest_route=%2Fwp%2Fv2%2Fmedia&parent=757"}],"curies":[{"name":"wp","href":"https:\/\/api.w.org\/{rel}","templated":true}]}}