{"id":41,"date":"2018-12-08T19:14:12","date_gmt":"2018-12-08T18:14:12","guid":{"rendered":"http:\/\/www.sportarten.rwth-aachen.de\/SkiAG\/wp_neu\/?page_id=41"},"modified":"2023-08-10T17:09:32","modified_gmt":"2023-08-10T15:09:32","slug":"gluehende-kante-e-v","status":"publish","type":"page","link":"https:\/\/snowsport.rwth-aachen.de\/?page_id=41","title":{"rendered":"Gl\u00fchende Kante e.V."},"content":{"rendered":"<div class='content-column two_third'><blockquote class=\"wp-block-quote\">\n<p>Die Gl\u00fchende Kante e.V. f\u00f6rdert den Schneesport in Aachen als gemeinn\u00fctziger Verein.<\/p>\n\n\n\n<p>Ski, Snowboard oder Telemark, oder doch Langlauf?<br>Ganz egal, Hauptsache Schnee!<\/p>\n<cite>https:\/\/www.gluehende-kante.de\/<\/cite><\/blockquote>\n\n\n\n<p>Die\u00a0<a rel=\"noreferrer noopener\" href=\"https:\/\/www.gluehende-kante.de\" target=\"_blank\">Gl\u00fchende Kante e.V.<\/a>\u00a0ist ein aus dem SNOWSport Team hervorgegangener Verein, der dem <a href=\"https:\/\/www.wsv-ski.de\/\">Westdeutschen Skiverband<\/a> angeh\u00f6rt. Mit einem geringen Mitgliedsbeitrag kommt man in den Genuss, Material wie Lawinensets zu leihen und Lehrg\u00e4nge des DSV zu besuchen, f\u00fcr die eine Mitgliedschaft in einem Skiverein Voraussetzung ist.<\/p>\n\n\n\n<p>F\u00fcr mehr Infos k\u00f6nnt ihr euch gerne bei\u00a0uns melden oder ihr f\u00fcllt direkt den Aufnahmeantrag aus und sendet ihn an <a href=\"mailto:info@gluehende-kante.de\">info@gluehende-kante.de<\/a>.<\/p>\n\n\n\n<p><strong>Beitr\u00e4ge<\/strong>\u00a0(Stand: 10.08.2023, \u00c4nderungen vorbehalten)<br>Aufnahmegeb\u00fchr: einmalig 5,00 \u20ac<br>Einzelmitgliedschaft: 20,00 \u20ac<a rel=\"noreferrer noopener\" href=\"http:\/\/www.sportarten.rwth-aachen.de\/SkiAG\/wordpressMain\/wp-content\/uploads\/2017\/11\/GK_Aufnahmeantrag.pdf\" target=\"_blank\"><\/a> pro Jahr<br>Familienmitgliedschaft: 40,00 \u20ac pro Jahr<\/p><\/div>\n\n\n<div class='content-column one_third'><figure class=\"wp-block-image size-full\"><img loading=\"lazy\" decoding=\"async\" width=\"403\" height=\"384\" src=\"https:\/\/snowsport.rwth-aachen.de\/wp-content\/uploads\/2023\/01\/GK_black_white_downsized.png\" alt=\"\" class=\"wp-image-1358\" srcset=\"https:\/\/snowsport.rwth-aachen.de\/wp-content\/uploads\/2023\/01\/GK_black_white_downsized.png 403w, https:\/\/snowsport.rwth-aachen.de\/wp-content\/uploads\/2023\/01\/GK_black_white_downsized-300x286.png 300w\" sizes=\"(max-width: 403px) 100vw, 403px\" \/><\/figure><\/div>\n\n\n\n<p><\/p>\n","protected":false},"excerpt":{"rendered":"","protected":false},"author":1,"featured_media":0,"parent":0,"menu_order":0,"comment_status":"closed","ping_status":"closed","template":"","meta":{"footnotes":""},"_links":{"self":[{"href":"https:\/\/snowsport.rwth-aachen.de\/index.php?rest_route=\/wp\/v2\/pages\/41"}],"collection":[{"href":"https:\/\/snowsport.rwth-aachen.de\/index.php?rest_route=\/wp\/v2\/pages"}],"about":[{"href":"https:\/\/snowsport.rwth-aachen.de\/index.php?rest_route=\/wp\/v2\/types\/page"}],"author":[{"embeddable":true,"href":"https:\/\/snowsport.rwth-aachen.de\/index.php?rest_route=\/wp\/v2\/users\/1"}],"replies":[{"embeddable":true,"href":"https:\/\/snowsport.rwth-aachen.de\/index.php?rest_route=%2Fwp%2Fv2%2Fcomments&post=41"}],"version-history":[{"count":12,"href":"https:\/\/snowsport.rwth-aachen.de\/index.php?rest_route=\/wp\/v2\/pages\/41\/revisions"}],"predecessor-version":[{"id":1380,"href":"https:\/\/snowsport.rwth-aachen.de\/index.php?rest_route=\/wp\/v2\/pages\/41\/revisions\/1380"}],"wp:attachment":[{"href":"https:\/\/snowsport.rwth-aachen.de\/index.php?rest_route=%2Fwp%2Fv2%2Fmedia&parent=41"}],"curies":[{"name":"wp","href":"https:\/\/api.w.org\/{rel}","templated":true}]}}